{"id":42,"date":"2022-05-02T17:42:57","date_gmt":"2022-05-02T15:42:57","guid":{"rendered":"http:\/\/curesdetoxdemoissac.fr\/?page_id=42"},"modified":"2022-05-02T17:44:19","modified_gmt":"2022-05-02T15:44:19","slug":"mentions-legales","status":"publish","type":"page","link":"https:\/\/curesdetoxdemoissac.fr\/index.php\/mentions-legales\/","title":{"rendered":"Mentions l\u00e9gales"},"content":{"rendered":"\n<p>Ce site est d\u00e9velopp\u00e9 par la Mairie de Moissac &#8211; services Communication \/ D\u00e9veloppement et Politiques contractuelles, 3 place Roger Delthil, 82&nbsp;200 Moissac, 05 63 04 63 63, SIRET&nbsp;: 218 201 127 00014 et h\u00e9berg\u00e9 par&nbsp;XX. d\u00e9nomination, raison sociale, adresse et num\u00e9ro de t\u00e9l\u00e9phone).<\/p>\n\n\n\n<p>Les informations contenues sur ce site n\u2019engagent en rien la collectivit\u00e9 dont la comp\u00e9tence est restreinte \u00e0 la promotion de son territoire. Ces cures sont dites de Bien-\u00eatre : les personnes diab\u00e9tiques, en sous poids, ayant un traitement lourd ou de l\u2019hypertension ne pourront y participer \u2013 une v\u00e9rification est imp\u00e9rative aupr\u00e8s des naturopathes cit\u00e9es sur ce site.<\/p>\n\n\n\n<p>Informations personnelles collect\u00e9es :<\/p>\n\n\n\n<p>En France, les donn\u00e9es personnelles sont notamment prot\u00e9g\u00e9es par la loi n\u00b0 78-87 du 6 janvier 1978, la loi n\u00b0 2004-801 du 6 ao\u00fbt 2004, l\u2019article L. 226-13 du Code p\u00e9nal et la Directive Europ\u00e9enne du 24 octobre 1995.En tout \u00e9tat de cause La mairie de Moissac ne collecte des informations personnelles relatives \u00e0 l\u2019utilisateur (nom, adresse \u00e9lectronique, coordonn\u00e9es t\u00e9l\u00e9phoniques) que pour le besoin des services propos\u00e9s par le site&nbsp;&nbsp;www.curesdetoxdemoissac.fr&nbsp;&nbsp; L\u2019utilisateur fournit ces informations en toute connaissance de cause, notamment lorsqu\u2019il proc\u00e8de par lui-m\u00eame \u00e0 leur saisie. Il est alors pr\u00e9cis\u00e9 \u00e0 l\u2019utilisateur du site&nbsp;&nbsp;www.curesdetoxdemoissac.fr&nbsp;&nbsp;&nbsp;le caract\u00e8re obligatoire ou non des informations qu\u2019il serait amen\u00e9 \u00e0 fournir.<\/p>\n\n\n\n<p>Aucune information personnelle de l\u2019utilisateur du site&nbsp;&nbsp;www.curesdetoxdemoissac.fr&nbsp;&nbsp; n\u2019est collect\u00e9e \u00e0 l\u2019insu de l\u2019utilisateur, publi\u00e9e \u00e0 l\u2019insu de l\u2019utilisateur \u00e9chang\u00e9e, transf\u00e9r\u00e9e, c\u00e9d\u00e9e ou vendue sur un support quelconque \u00e0 des tiers.<\/p>\n","protected":false},"excerpt":{"rendered":"<p>Ce site est d\u00e9velopp\u00e9 par la Mairie de Moissac &#8211; services Communication \/ D\u00e9veloppement et Politiques contractuelles, 3 place Roger Delthil, 82&nbsp;200 Moissac, 05 63 04 63 63, SIRET&nbsp;: 218 201 127 00014 et h\u00e9berg\u00e9 par&nbsp;XX. d\u00e9nomination, raison sociale, adresse et num\u00e9ro de t\u00e9l\u00e9phone). Les informations contenues sur ce site n\u2019engagent en rien la collectivit\u00e9 <a class=\"more-link\" href=\"https:\/\/curesdetoxdemoissac.fr\/index.php\/mentions-legales\/\">Lire plus &#8230;<\/a><\/p>\n","protected":false},"author":1,"featured_media":0,"parent":0,"menu_order":0,"comment_status":"closed","ping_status":"closed","template":"","meta":{"footnotes":""},"class_list":["post-42","page","type-page","status-publish","hentry"],"_links":{"self":[{"href":"https:\/\/curesdetoxdemoissac.fr\/index.php\/wp-json\/wp\/v2\/pages\/42","targetHints":{"allow":["GET"]}}],"collection":[{"href":"https:\/\/curesdetoxdemoissac.fr\/index.php\/wp-json\/wp\/v2\/pages"}],"about":[{"href":"https:\/\/curesdetoxdemoissac.fr\/index.php\/wp-json\/wp\/v2\/types\/page"}],"author":[{"embeddable":true,"href":"https:\/\/curesdetoxdemoissac.fr\/index.php\/wp-json\/wp\/v2\/users\/1"}],"replies":[{"embeddable":true,"href":"https:\/\/curesdetoxdemoissac.fr\/index.php\/wp-json\/wp\/v2\/comments?post=42"}],"version-history":[{"count":1,"href":"https:\/\/curesdetoxdemoissac.fr\/index.php\/wp-json\/wp\/v2\/pages\/42\/revisions"}],"predecessor-version":[{"id":43,"href":"https:\/\/curesdetoxdemoissac.fr\/index.php\/wp-json\/wp\/v2\/pages\/42\/revisions\/43"}],"wp:attachment":[{"href":"https:\/\/curesdetoxdemoissac.fr\/index.php\/wp-json\/wp\/v2\/media?parent=42"}],"curies":[{"name":"wp","href":"https:\/\/api.w.org\/{rel}","templated":true}]}}