{"id":12,"date":"2022-04-01T11:17:00","date_gmt":"2022-04-01T09:17:00","guid":{"rendered":"http:\/\/curesdetoxdemoissac.fr\/?page_id=12"},"modified":"2022-04-01T11:36:58","modified_gmt":"2022-04-01T09:36:58","slug":"foire-aux-questions","status":"publish","type":"page","link":"https:\/\/curesdetoxdemoissac.fr\/index.php\/foire-aux-questions\/","title":{"rendered":"Foire aux questions"},"content":{"rendered":"\n<p><\/p>\n\n\n\n<p><strong>Puis-je venir avec mon animal de compagnie ?<\/strong><br>Non, les animaux domestiques ne peuvent pas \u00eatre accueillis sur place.<\/p>\n\n\n\n<p><strong>Mon conjoint souhaite m&#8217;accompagner, mais il veut juste b\u00e9n\u00e9ficier du logement, sans participer \u00e0 la cure. Est-ce possible ?<\/strong><br>Oui, mais vous devez le pr\u00e9ciser lors de votre r\u00e9servation.<\/p>\n\n\n\n<p><strong>J&#8217;ai de la famille qui peut m&#8217;accueillir \u00e0 proximit\u00e9 de Moissac. Puis-je donc \u00eatre h\u00e9berg\u00e9 \u00e0 l&#8217;ext\u00e9rieur, tout en b\u00e9n\u00e9ficiant de l&#8217;ensemble des prestations ?<\/strong><br>Oui, vous avez la possibilit\u00e9 d&#8217;\u00eatre log\u00e9 \u00e0 l&#8217;ext\u00e9rieur de nos deux structures : l&#8217;ancien Carmel, le Moulin de Moissac. Cependant, les animations et la prise de repas \u00e9tant effectu\u00e9s en grande partie \u00e0 l&#8217;ancien Carmel, vous devrez vous y d\u00e9placer pour la matin\u00e9e, puis en fin d&#8217;apr\u00e8s-midi.<\/p>\n\n\n\n<p><strong>Je n&#8217;ai pas de voiture, mais je souhaite venir participer aux cures d\u00e9tox de Moissac. Comment puis-je rejoindre le lieu de la cure ?<\/strong><br>La gare de Moissac est situ\u00e9e \u00e0 seulement 12 minutes \u00e0 pied de l&#8217;ancien Carmel. Par ailleurs, elle est aussi desservie par la ligne TER Toulouse-Bordeaux, mais aussi par le bus Lio Montauban-La Magist\u00e8re. Enfin, l&#8217;a\u00e9roport de Blagnac se situe \u00e0 45 minutes de Moissac, mais il n&#8217;y a pas de transport en commun direct. Sur place, les animations sont toutes accessibles \u00e0 pied, \u00e0 l&#8217;exception de la r\u00e9colte des fruits pour laquelle du covoiturage peut \u00eatre organis\u00e9.<\/p>\n\n\n\n<p><strong>J&#8217;ai des petits probl\u00e8mes de sant\u00e9 et je souhaiterais savoir si la cure est bien adapt\u00e9e \u00e0 ma pathologie. Pouvez-vous me conseiller ?<\/strong><br>Oui, vous pouvez appeler Fran\u00e7oise, au 06 81 59 70 93, ou Cl\u00e9mence au 06 14 44 47 06.<\/p>\n\n\n\n<p><strong>Quel \u00e9quipement me conseillez-vous de prendre pour participer \u00e0 cette cure ?<\/strong><br>Tapis de gym, v\u00eatements l\u00e9gers adapt\u00e9s \u00e0 la pratique du sport, un bon pull et Kway, des chaussures de marche, serviette de bain microfibre, un plaid l\u00e9ger si m\u00e9ditation apr\u00e8s un peu d&#8217;exercice.<\/p>\n\n\n\n<p><strong>Pourrais-je continuer cette cure une fois rentr\u00e9e \u00e0 mon domicile ? Est-ce souhaitable ?<\/strong><br>Oui, il est possible de continuer la cure chez vous, afin de poursuivre le nettoyage de votre organisme et ainsi, retrouver une pleine vitalit\u00e9. Cependant, nos naturopathes vous conseilleront en fin de s\u00e9jour \u00e0 ce sujet.<\/p>\n","protected":false},"excerpt":{"rendered":"<p>Puis-je venir avec mon animal de compagnie ?Non, les animaux domestiques ne peuvent pas \u00eatre accueillis sur place. Mon conjoint souhaite m&#8217;accompagner, mais il veut juste b\u00e9n\u00e9ficier du logement, sans participer \u00e0 la cure. Est-ce possible ?Oui, mais vous devez le pr\u00e9ciser lors de votre r\u00e9servation. J&#8217;ai de la famille qui peut m&#8217;accueillir \u00e0 proximit\u00e9 <a class=\"more-link\" href=\"https:\/\/curesdetoxdemoissac.fr\/index.php\/foire-aux-questions\/\">Lire plus &#8230;<\/a><\/p>\n","protected":false},"author":1,"featured_media":0,"parent":0,"menu_order":3,"comment_status":"closed","ping_status":"closed","template":"","meta":{"footnotes":""},"class_list":["post-12","page","type-page","status-publish","hentry"],"_links":{"self":[{"href":"https:\/\/curesdetoxdemoissac.fr\/index.php\/wp-json\/wp\/v2\/pages\/12","targetHints":{"allow":["GET"]}}],"collection":[{"href":"https:\/\/curesdetoxdemoissac.fr\/index.php\/wp-json\/wp\/v2\/pages"}],"about":[{"href":"https:\/\/curesdetoxdemoissac.fr\/index.php\/wp-json\/wp\/v2\/types\/page"}],"author":[{"embeddable":true,"href":"https:\/\/curesdetoxdemoissac.fr\/index.php\/wp-json\/wp\/v2\/users\/1"}],"replies":[{"embeddable":true,"href":"https:\/\/curesdetoxdemoissac.fr\/index.php\/wp-json\/wp\/v2\/comments?post=12"}],"version-history":[{"count":2,"href":"https:\/\/curesdetoxdemoissac.fr\/index.php\/wp-json\/wp\/v2\/pages\/12\/revisions"}],"predecessor-version":[{"id":21,"href":"https:\/\/curesdetoxdemoissac.fr\/index.php\/wp-json\/wp\/v2\/pages\/12\/revisions\/21"}],"wp:attachment":[{"href":"https:\/\/curesdetoxdemoissac.fr\/index.php\/wp-json\/wp\/v2\/media?parent=12"}],"curies":[{"name":"wp","href":"https:\/\/api.w.org\/{rel}","templated":true}]}}