{"id":10,"date":"2022-04-01T11:17:41","date_gmt":"2022-04-01T09:17:41","guid":{"rendered":"http:\/\/curesdetoxdemoissac.fr\/?page_id=10"},"modified":"2022-07-28T14:37:11","modified_gmt":"2022-07-28T12:37:11","slug":"moissac-cite-uvale","status":"publish","type":"page","link":"https:\/\/curesdetoxdemoissac.fr\/index.php\/moissac-cite-uvale\/","title":{"rendered":"Moissac, cit\u00e9 uvale"},"content":{"rendered":"\n<figure class=\"wp-block-embed is-type-video is-provider-youtube wp-block-embed-youtube wp-embed-aspect-16-9 wp-has-aspect-ratio\"><div class=\"wp-block-embed__wrapper\">\n<iframe loading=\"lazy\" title=\"Carnet de voyage de Moissac, Grands Sites de Midi-Pyr\u00e9n\u00e9es\" width=\"780\" height=\"439\" src=\"https:\/\/www.youtube.com\/embed\/8M3S7_B5xkI?feature=oembed\" frameborder=\"0\" allow=\"accelerometer; autoplay; clipboard-write; encrypted-media; gyroscope; picture-in-picture\" allowfullscreen><\/iframe>\n<\/div><\/figure>\n\n\n\n<p>Bord\u00e9e au Sud par le Tarn et au Nord par les coteaux du Quercy, cette ville de 13000 \u00e2mes a su garder son charme en pr\u00e9servant un patrimoine b\u00e2ti remarquable (son Abbaye est inscrite au Patrimoine mondial) et une qualit\u00e9 d\u2019accueil qui en fait une \u00e9tape appr\u00e9ci\u00e9e des p\u00e8lerins sur le chemin de Compostelle.<\/p>\n\n\n\n<p>Vous y remarquerez aussi un beau patrimoine Art d\u00e9co avec plein de fruits partout&nbsp;!&nbsp;(carte acc\u00e8s)<\/p>\n\n\n\n<figure class=\"wp-block-image size-full\"><img loading=\"lazy\" decoding=\"async\" width=\"252\" height=\"197\" src=\"http:\/\/curesdetoxdemoissac.fr\/wp-content\/uploads\/2022\/05\/image.png\" alt=\"\" class=\"wp-image-57\"\/><\/figure>\n\n\n\n<p><strong>Les lieux de votre cure&nbsp;:<\/strong><\/p>\n\n\n\n<p>Deux options vous sont propos\u00e9es&nbsp;<\/p>\n\n\n\n<p>En gite de groupe&nbsp;: l\u2019ancien carmel de Moissac,<strong> <\/strong>\u00e0 deux pas du point de vue de la Vierge (4 minutes \u00e0 pied en grimpant), de l\u2019abbaye de Moissac et du centre-ville historique avec ses commerces et march\u00e9s du samedi et du dimanche matins.<\/p>\n\n\n\n<p>En h\u00f4tel ***Moulin de Moissac&nbsp;: au pied du Tarn, avec une vue \u00e0 couper le souffle sur le Pont Napol\u00e9on avec les commerces et abbaye \u00e0 8 minutes. Le spa vous accueillera sous les voutes en brique de ce b\u00e2timent historique de Moissac\u2026<\/p>\n","protected":false},"excerpt":{"rendered":"<p>Bord\u00e9e au Sud par le Tarn et au Nord par les coteaux du Quercy, cette ville de 13000 \u00e2mes a su garder son charme en pr\u00e9servant un patrimoine b\u00e2ti remarquable (son Abbaye est inscrite au Patrimoine mondial) et une qualit\u00e9 d\u2019accueil qui en fait une \u00e9tape appr\u00e9ci\u00e9e des p\u00e8lerins sur le chemin de Compostelle. Vous <a class=\"more-link\" href=\"https:\/\/curesdetoxdemoissac.fr\/index.php\/moissac-cite-uvale\/\">Lire plus &#8230;<\/a><\/p>\n","protected":false},"author":1,"featured_media":0,"parent":0,"menu_order":2,"comment_status":"closed","ping_status":"closed","template":"","meta":{"footnotes":""},"class_list":["post-10","page","type-page","status-publish","hentry"],"_links":{"self":[{"href":"https:\/\/curesdetoxdemoissac.fr\/index.php\/wp-json\/wp\/v2\/pages\/10","targetHints":{"allow":["GET"]}}],"collection":[{"href":"https:\/\/curesdetoxdemoissac.fr\/index.php\/wp-json\/wp\/v2\/pages"}],"about":[{"href":"https:\/\/curesdetoxdemoissac.fr\/index.php\/wp-json\/wp\/v2\/types\/page"}],"author":[{"embeddable":true,"href":"https:\/\/curesdetoxdemoissac.fr\/index.php\/wp-json\/wp\/v2\/users\/1"}],"replies":[{"embeddable":true,"href":"https:\/\/curesdetoxdemoissac.fr\/index.php\/wp-json\/wp\/v2\/comments?post=10"}],"version-history":[{"count":6,"href":"https:\/\/curesdetoxdemoissac.fr\/index.php\/wp-json\/wp\/v2\/pages\/10\/revisions"}],"predecessor-version":[{"id":81,"href":"https:\/\/curesdetoxdemoissac.fr\/index.php\/wp-json\/wp\/v2\/pages\/10\/revisions\/81"}],"wp:attachment":[{"href":"https:\/\/curesdetoxdemoissac.fr\/index.php\/wp-json\/wp\/v2\/media?parent=10"}],"curies":[{"name":"wp","href":"https:\/\/api.w.org\/{rel}","templated":true}]}}